{"id":84,"date":"2023-04-22T10:54:46","date_gmt":"2023-04-22T08:54:46","guid":{"rendered":"https:\/\/synergia.website\/?page_id=84"},"modified":"2026-03-09T17:25:37","modified_gmt":"2026-03-09T15:25:37","slug":"portfolio","status":"publish","type":"page","link":"https:\/\/synergia.website\/es_es\/portfolio\/","title":{"rendered":"Portfolio"},"content":{"rendered":"\n<div class=\"et_pb_section_0 et_pb_section et_section_regular et_block_section\"><div class=\"et_pb_row_0 et_pb_row et_block_row\"><div class=\"et_pb_column_0 et_pb_column et_pb_column_3_5 et_block_column et_pb_css_mix_blend_mode_passthrough\"><div class=\"et_pb_text_0 et_pb_text et_pb_bg_layout_light et_pb_module et_block_module preset--module--divi-text--e6504a1b-67eb-4b3d-b023-bcab277610b6\"><div class=\"et_pb_text_inner\"><h4>Portfolio<\/h4>\n<\/div><\/div><div class=\"et_pb_text_1 et_pb_text et_pb_bg_layout_light et_pb_module et_block_module preset--module--divi-text--c16985e1-e0d6-4022-964d-e2bfc04fa633\"><div class=\"et_pb_text_inner\"><h1>Nuestro Trabajo<\/h1>\n<\/div><\/div><\/div><div class=\"et_pb_column_1 et_pb_column et_pb_column_2_5 et-last-child et_block_column et_pb_css_mix_blend_mode_passthrough\"><div class=\"et_pb_module et_pb_button_module_wrapper et_pb_button_0_wrapper preset--module--divi-button--31b4f027-aaa0-4f2f-ae02-959764e19e4f_wrapper\"><a class=\"et_pb_button_0 et_pb_button et_pb_bg_layout_light et_pb_module et_block_module preset--module--divi-button--31b4f027-aaa0-4f2f-ae02-959764e19e4f\" href=\"https:\/\/synergia.website\/?page_id=106\">LLeva tu web al siguiente nivel<\/a><\/div><\/div><\/div><\/div><div class=\"et_pb_section_1 et_pb_section et_section_regular et_block_section\"><div class=\"et_pb_row_1 et_pb_row et_pb_equal_columns et_block_row\"><div class=\"et_pb_column_2 et_pb_column et_pb_column_1_2 et_block_column et_pb_css_mix_blend_mode_passthrough\"><div class=\"et_pb_image_0 et_pb_image et_pb_module et_block_module\"><span class=\"et_pb_image_wrap\"><img decoding=\"async\" data-src=\"https:\/\/synergia.website\/wp-content\/uploads\/2023\/04\/Captura-de-pantalla-112.png\" width=\"1893\" height=\"895\" data-srcset=\"https:\/\/synergia.website\/wp-content\/uploads\/2023\/04\/Captura-de-pantalla-112.png 1893w, https:\/\/synergia.website\/wp-content\/uploads\/2023\/04\/Captura-de-pantalla-112-1280x605.png 1280w, https:\/\/synergia.website\/wp-content\/uploads\/2023\/04\/Captura-de-pantalla-112-980x463.png 980w, https:\/\/synergia.website\/wp-content\/uploads\/2023\/04\/Captura-de-pantalla-112-480x227.png 480w\" data-sizes=\"(min-width: 0px) and (max-width: 480px) 480px, (min-width: 481px) and (max-width: 980px) 980px, (min-width: 981px) and (max-width: 1280px) 1280px, (min-width: 1281px) 1893px, 100vw\" class=\"wp-image-95 lazyload\" title=\"Captura de pantalla (112)\" src=\"data:image\/gif;base64,R0lGODlhAQABAAAAACH5BAEKAAEALAAAAAABAAEAAAICTAEAOw==\" style=\"--smush-placeholder-width: 1893px; --smush-placeholder-aspect-ratio: 1893\/895;\" \/><\/span><\/div><div class=\"et_pb_text_2 et_pb_text et_pb_bg_layout_light et_pb_module et_block_module preset--module--divi-text--4827deed-2a92-4d97-a22f-f01067ae6873\"><div class=\"et_pb_text_inner\"><h4>Proyecto en el que realizamos el redise\u00f1o completo de una web que ofrece servicios de nutrici\u00f3n<\/h4>\n<\/div><\/div><div class=\"et_pb_module et_pb_button_module_wrapper et_pb_button_1_wrapper preset--module--divi-button--3117bc07-6a8a-4679-b3bb-b6ed74b48a2f_wrapper\"><a class=\"et_pb_button_1 et_pb_button et_pb_bg_layout_light et_pb_module et_block_module preset--module--divi-button--3117bc07-6a8a-4679-b3bb-b6ed74b48a2f\" href=\"https:\/\/pepelara.com\/\">Ver proyecto<\/a><\/div><\/div><div class=\"et_pb_column_3 et_pb_column et_pb_column_1_2 et-last-child et_block_column et_pb_css_mix_blend_mode_passthrough\"><div class=\"et_pb_image_1 et_pb_image et_pb_module et_block_module\"><span class=\"et_pb_image_wrap\"><img decoding=\"async\" data-src=\"https:\/\/synergia.website\/wp-content\/uploads\/2023\/04\/Captura-de-pantalla-114.png\" width=\"1897\" height=\"1039\" data-srcset=\"https:\/\/synergia.website\/wp-content\/uploads\/2023\/04\/Captura-de-pantalla-114.png 1897w, https:\/\/synergia.website\/wp-content\/uploads\/2023\/04\/Captura-de-pantalla-114-1280x701.png 1280w, https:\/\/synergia.website\/wp-content\/uploads\/2023\/04\/Captura-de-pantalla-114-980x537.png 980w, https:\/\/synergia.website\/wp-content\/uploads\/2023\/04\/Captura-de-pantalla-114-480x263.png 480w\" data-sizes=\"(min-width: 0px) and (max-width: 480px) 480px, (min-width: 481px) and (max-width: 980px) 980px, (min-width: 981px) and (max-width: 1280px) 1280px, (min-width: 1281px) 1897px, 100vw\" class=\"wp-image-98 lazyload\" title=\"Captura de pantalla (114)\" src=\"data:image\/gif;base64,R0lGODlhAQABAAAAACH5BAEKAAEALAAAAAABAAEAAAICTAEAOw==\" style=\"--smush-placeholder-width: 1897px; --smush-placeholder-aspect-ratio: 1897\/1039;\" \/><\/span><\/div><div class=\"et_pb_text_3 et_pb_text et_pb_bg_layout_light et_pb_module et_block_module preset--module--divi-text--4827deed-2a92-4d97-a22f-f01067ae6873\"><div class=\"et_pb_text_inner\"><h4>Landing Page que hicimos para una formaci\u00f3n online sobre el estre\u00f1imiento.<\/h4>\n<\/div><\/div><div class=\"et_pb_module et_pb_button_module_wrapper et_pb_button_2_wrapper preset--module--divi-button--3117bc07-6a8a-4679-b3bb-b6ed74b48a2f_wrapper\"><a class=\"et_pb_button_2 et_pb_button et_pb_bg_layout_light et_pb_module et_block_module preset--module--divi-button--3117bc07-6a8a-4679-b3bb-b6ed74b48a2f\" href=\"https:\/\/pepelara.com\/curso-estrenimiento\/\">Ver Proyecto<\/a><\/div><\/div><\/div><\/div><div class=\"et_pb_section_2 et_pb_section et_section_regular et_block_section\"><div class=\"et_pb_row_2 et_pb_row et_block_row\"><div class=\"et_pb_column_4 et_pb_column et_pb_column_1_2 et_block_column et_pb_css_mix_blend_mode_passthrough\"><div class=\"et_pb_text_4 et_pb_text et_pb_bg_layout_light et_pb_module et_block_module et_pb_text_align_center preset--module--divi-text--518880c8-46c7-4ffa-b5a6-93ffa99dcc17\"><div class=\"et_pb_text_inner\"><p>\u2605\u2605\u2605\u2605\u2605<\/p>\n<\/div><\/div><div class=\"et_pb_text_5 et_pb_text et_pb_bg_layout_light et_pb_module et_block_module et_pb_text_align_center preset--module--divi-text--518880c8-46c7-4ffa-b5a6-93ffa99dcc17\"><div class=\"et_pb_text_inner\"><p><span>\"Quiero expresar mi m\u00e1s sincera gratitud por el excepcional trabajo de dise\u00f1o web que ha realizado su equipo. <\/span><\/p>\n<p><span>Desde el primer d\u00eda, qued\u00e9 impresionado por su profesionalismo y atenci\u00f3n al detalle. Han creado una p\u00e1gina web incre\u00edblemente elegante y f\u00e1cil de usar, que refleja perfectamente mi marca. <\/span><\/p>\n<p><span>Mis clientes est\u00e1n igualmente impresionados y me han felicitado por mi excelente elecci\u00f3n en la selecci\u00f3n de su servicio de dise\u00f1o web. Definitivamente recomendar\u00e9 sus servicios a cualquiera que busque una soluci\u00f3n de dise\u00f1o web de alta calidad\".<\/span><\/p>\n<\/div><\/div><\/div><div class=\"et_pb_column_5 et_pb_column et_pb_column_1_2 et-last-child et_block_column et_pb_css_mix_blend_mode_passthrough\"><div class=\"et_pb_text_6 et_pb_text et_pb_bg_layout_light et_pb_module et_block_module et_pb_text_align_center preset--module--divi-text--518880c8-46c7-4ffa-b5a6-93ffa99dcc17\"><div class=\"et_pb_text_inner\"><p>\u2605\u2605\u2605\u2605\u2605<\/p>\n<\/div><\/div><div class=\"et_pb_text_7 et_pb_text et_pb_bg_layout_light et_pb_module et_block_module et_pb_text_align_center preset--module--divi-text--518880c8-46c7-4ffa-b5a6-93ffa99dcc17\"><div class=\"et_pb_text_inner\"><p><span>\"No puedo agradecer lo suficiente al equipo de Synergia. Su trabajo ha superado mis expectativas y estoy m\u00e1s que satisfecho con el resultado. <\/span><\/p>\n<p><span>Han sido extremadamente pacientes y profesionales durante todo el proceso y han trabajado en estrecha colaboraci\u00f3n conmigo para asegurarse de que el dise\u00f1o de mi p\u00e1gina web sea exactamente lo que quer\u00eda. <\/span><\/p>\n<p><span>La est\u00e9tica de mi sitio web es impresionante y estoy seguro de que ayudar\u00e1 a llevar mi negocio al siguiente nivel. Definitivamente recomendar\u00e9 su servicio de dise\u00f1o web a cualquier persona que busque un trabajo excepcional\".<\/span><\/p>\n<\/div><\/div><\/div><\/div><\/div>\n","protected":false},"excerpt":{"rendered":"","protected":false},"author":1,"featured_media":0,"parent":0,"menu_order":0,"comment_status":"closed","ping_status":"closed","template":"","meta":{"footnotes":""},"class_list":["post-84","page","type-page","status-publish","hentry"],"yoast_head":"<!-- This site is optimized with the Yoast SEO Premium plugin v24.2 (Yoast SEO v24.2) - https:\/\/yoast.com\/wordpress\/plugins\/seo\/ -->\n<title>Portfolio - Synergia<\/title>\n<meta name=\"robots\" content=\"index, follow, max-snippet:-1, max-image-preview:large, max-video-preview:-1\" \/>\n<link rel=\"canonical\" href=\"https:\/\/synergia.website\/es_es\/portfolio\/\" \/>\n<meta property=\"og:locale\" content=\"es_ES\" \/>\n<meta property=\"og:type\" content=\"article\" \/>\n<meta property=\"og:title\" content=\"Portfolio\" \/>\n<meta property=\"og:url\" content=\"https:\/\/synergia.website\/es_es\/portfolio\/\" \/>\n<meta property=\"og:site_name\" content=\"Synergia\" \/>\n<meta property=\"article:modified_time\" content=\"2026-03-09T15:25:37+00:00\" \/>\n<meta name=\"twitter:card\" content=\"summary_large_image\" \/>\n<script type=\"application\/ld+json\" class=\"yoast-schema-graph\">{\"@context\":\"https:\/\/schema.org\",\"@graph\":[{\"@type\":\"WebPage\",\"@id\":\"https:\/\/synergia.website\/portfolio\/\",\"url\":\"https:\/\/synergia.website\/portfolio\/\",\"name\":\"Portfolio - Synergia\",\"isPartOf\":{\"@id\":\"https:\/\/synergia.website\/#website\"},\"datePublished\":\"2023-04-22T08:54:46+00:00\",\"dateModified\":\"2026-03-09T15:25:37+00:00\",\"breadcrumb\":{\"@id\":\"https:\/\/synergia.website\/portfolio\/#breadcrumb\"},\"inLanguage\":\"es\",\"potentialAction\":[{\"@type\":\"ReadAction\",\"target\":[\"https:\/\/synergia.website\/portfolio\/\"]}]},{\"@type\":\"BreadcrumbList\",\"@id\":\"https:\/\/synergia.website\/portfolio\/#breadcrumb\",\"itemListElement\":[{\"@type\":\"ListItem\",\"position\":1,\"name\":\"Portada\",\"item\":\"https:\/\/synergia.website\/es_es\/\"},{\"@type\":\"ListItem\",\"position\":2,\"name\":\"Portfolio\"}]},{\"@type\":\"WebSite\",\"@id\":\"https:\/\/synergia.website\/#website\",\"url\":\"https:\/\/synergia.website\/\",\"name\":\"Synergia\",\"description\":\"Tu agente reparador de Servidores y Desktop\",\"potentialAction\":[{\"@type\":\"SearchAction\",\"target\":{\"@type\":\"EntryPoint\",\"urlTemplate\":\"https:\/\/synergia.website\/?s={search_term_string}\"},\"query-input\":{\"@type\":\"PropertyValueSpecification\",\"valueRequired\":true,\"valueName\":\"search_term_string\"}}],\"inLanguage\":\"es\"}]}<\/script>\n<!-- \/ Yoast SEO Premium plugin. -->","yoast_head_json":{"title":"Portfolio - Synergia","robots":{"index":"index","follow":"follow","max-snippet":"max-snippet:-1","max-image-preview":"max-image-preview:large","max-video-preview":"max-video-preview:-1"},"canonical":"https:\/\/synergia.website\/es_es\/portfolio\/","og_locale":"es_ES","og_type":"article","og_title":"Portfolio","og_url":"https:\/\/synergia.website\/es_es\/portfolio\/","og_site_name":"Synergia","article_modified_time":"2026-03-09T15:25:37+00:00","twitter_card":"summary_large_image","schema":{"@context":"https:\/\/schema.org","@graph":[{"@type":"WebPage","@id":"https:\/\/synergia.website\/portfolio\/","url":"https:\/\/synergia.website\/portfolio\/","name":"Portfolio - Synergia","isPartOf":{"@id":"https:\/\/synergia.website\/#website"},"datePublished":"2023-04-22T08:54:46+00:00","dateModified":"2026-03-09T15:25:37+00:00","breadcrumb":{"@id":"https:\/\/synergia.website\/portfolio\/#breadcrumb"},"inLanguage":"es","potentialAction":[{"@type":"ReadAction","target":["https:\/\/synergia.website\/portfolio\/"]}]},{"@type":"BreadcrumbList","@id":"https:\/\/synergia.website\/portfolio\/#breadcrumb","itemListElement":[{"@type":"ListItem","position":1,"name":"Portada","item":"https:\/\/synergia.website\/es_es\/"},{"@type":"ListItem","position":2,"name":"Portfolio"}]},{"@type":"WebSite","@id":"https:\/\/synergia.website\/#website","url":"https:\/\/synergia.website\/","name":"Synergia","description":"Tu agente reparador de Servidores y Desktop","potentialAction":[{"@type":"SearchAction","target":{"@type":"EntryPoint","urlTemplate":"https:\/\/synergia.website\/?s={search_term_string}"},"query-input":{"@type":"PropertyValueSpecification","valueRequired":true,"valueName":"search_term_string"}}],"inLanguage":"es"}]}},"jetpack_sharing_enabled":true,"_links":{"self":[{"href":"https:\/\/synergia.website\/es_es\/wp-json\/wp\/v2\/pages\/84","targetHints":{"allow":["GET"]}}],"collection":[{"href":"https:\/\/synergia.website\/es_es\/wp-json\/wp\/v2\/pages"}],"about":[{"href":"https:\/\/synergia.website\/es_es\/wp-json\/wp\/v2\/types\/page"}],"author":[{"embeddable":true,"href":"https:\/\/synergia.website\/es_es\/wp-json\/wp\/v2\/users\/1"}],"replies":[{"embeddable":true,"href":"https:\/\/synergia.website\/es_es\/wp-json\/wp\/v2\/comments?post=84"}],"version-history":[{"count":0,"href":"https:\/\/synergia.website\/es_es\/wp-json\/wp\/v2\/pages\/84\/revisions"}],"wp:attachment":[{"href":"https:\/\/synergia.website\/es_es\/wp-json\/wp\/v2\/media?parent=84"}],"curies":[{"name":"wp","href":"https:\/\/api.w.org\/{rel}","templated":true}]}}