{"id":68,"date":"2023-04-22T09:37:52","date_gmt":"2023-04-22T07:37:52","guid":{"rendered":"https:\/\/synergia.website\/?page_id=68"},"modified":"2026-03-09T17:25:35","modified_gmt":"2026-03-09T15:25:35","slug":"quienes-somos","status":"publish","type":"page","link":"https:\/\/synergia.website\/es_es\/quienes-somos\/","title":{"rendered":"Quienes Somos"},"content":{"rendered":"\n<div class=\"et_pb_section_0 et_pb_section et_section_regular et_block_section\"><\/div><div class=\"et_pb_section_1 et_pb_section et_section_regular et_block_section\"><div class=\"et_pb_row_0 et_pb_row et_block_row\"><div class=\"et_pb_column_0 et_pb_column et_pb_column_3_5 et_block_column et_pb_css_mix_blend_mode_passthrough\"><div class=\"et_pb_text_0 et_pb_text et_pb_bg_layout_light et_pb_module et_block_module preset--module--divi-text--e6504a1b-67eb-4b3d-b023-bcab277610b6\"><div class=\"et_pb_text_inner\"><h4>Albert Domenec<\/h4>\n<\/div><\/div><div class=\"et_pb_text_1 et_pb_text et_pb_bg_layout_light et_pb_module et_block_module preset--module--divi-text--c16985e1-e0d6-4022-964d-e2bfc04fa633\"><div class=\"et_pb_text_inner\"><h1>Back-End Developer<\/h1>\n<\/div><\/div><div class=\"et_pb_divider_0 et_pb_divider et_pb_space et_pb_divider_position_top et_pb_module\"><div class=\"et_pb_divider_internal\"><\/div><\/div><\/div><div class=\"et_pb_column_1 et_pb_column et_pb_column_2_5 et-last-child et_block_column et_pb_column_empty et_pb_css_mix_blend_mode_passthrough\"><\/div><\/div><div class=\"et_pb_row_1 et_pb_row et_pb_equal_columns et_block_row\"><div class=\"et_pb_column_2 et_pb_column et_pb_column_1_2 et_block_column et_pb_css_mix_blend_mode_passthrough\"><div class=\"et_pb_blurb_0 et_pb_blurb et_pb_bg_layout_light et_pb_blurb_position_left et_pb_module et_block_module preset--module--divi-blurb--341773a8-7d77-4626-b15c-f95399f25521\"><div class=\"et_pb_blurb_content\"><div class=\"et_pb_main_blurb_image\"><span class=\"et_pb_image_wrap\"><span class=\"et-pb-icon\">\ue052<\/span><\/span><\/div><div class=\"et_pb_blurb_container\"><h4 class=\"et_pb_module_header\">arquitectura de servidores<\/h4><div class=\"et_pb_blurb_description\"><p><span>\u00a0Experiencia en la configuraci\u00f3n y gesti\u00f3n de servidores, incluyendo el conocimiento de sistemas operativos, configuraci\u00f3n de red y administraci\u00f3n de servidores. Esto es importante para asegurar la escalabilidad, disponibilidad y rendimiento de las aplicaciones web en producci\u00f3n.\u00a0<\/span><\/p>\n<\/div><\/div><\/div><\/div><div class=\"et_pb_blurb_1 et_pb_blurb et_pb_bg_layout_light et_pb_blurb_position_left et_pb_module et_block_module preset--module--divi-blurb--341773a8-7d77-4626-b15c-f95399f25521\"><div class=\"et_pb_blurb_content\"><div class=\"et_pb_main_blurb_image\"><span class=\"et_pb_image_wrap\"><span class=\"et-pb-icon\">\ue052<\/span><\/span><\/div><div class=\"et_pb_blurb_container\"><h4 class=\"et_pb_module_header\">Bases de datos<\/h4><div class=\"et_pb_blurb_description\"><p><span>Las bases de datos son la columna vertebral de cualquier aplicaci\u00f3n web. Los desarrolladores Back-End deben tener experiencia en la creaci\u00f3n y gesti\u00f3n de bases de datos, incluyendo la definici\u00f3n de la estructura de datos, la optimizaci\u00f3n del rendimiento y la seguridad.<\/span><\/p>\n<\/div><\/div><\/div><\/div><div class=\"et_pb_blurb_2 et_pb_blurb et_pb_bg_layout_light et_pb_blurb_position_left et_pb_module et_block_module preset--module--divi-blurb--341773a8-7d77-4626-b15c-f95399f25521\"><div class=\"et_pb_blurb_content\"><div class=\"et_pb_main_blurb_image\"><span class=\"et_pb_image_wrap\"><span class=\"et-pb-icon\">\ue052<\/span><\/span><\/div><div class=\"et_pb_blurb_container\"><h4 class=\"et_pb_module_header\">APIs y servicios web<\/h4><div class=\"et_pb_blurb_description\"><p><span>Los desarrolladores Back-End tambi\u00e9n deben tener experiencia en la creaci\u00f3n y gesti\u00f3n de APIs (Application Programming Interfaces) y servicios web. Estas herramientas permiten que diferentes aplicaciones y servicios se comuniquen entre s\u00ed y compartan datos.<\/span><\/p>\n<\/div><\/div><\/div><\/div><div class=\"et_pb_blurb_3 et_pb_blurb et_pb_bg_layout_light et_pb_blurb_position_left et_pb_module et_block_module preset--module--divi-blurb--341773a8-7d77-4626-b15c-f95399f25521\"><div class=\"et_pb_blurb_content\"><div class=\"et_pb_main_blurb_image\"><span class=\"et_pb_image_wrap\"><span class=\"et-pb-icon\">\ue052<\/span><\/span><\/div><div class=\"et_pb_blurb_container\"><h4 class=\"et_pb_module_header\">Conocimientos en seguridad<\/h4><div class=\"et_pb_blurb_description\"><p><span>La seguridad es una preocupaci\u00f3n importante en cualquier aplicaci\u00f3n web. Los desarrolladores Back-End deben tener conocimientos s\u00f3lidos en seguridad de aplicaciones web, incluyendo la protecci\u00f3n contra ataques de inyecci\u00f3n de SQL, ataques de fuerza bruta y otros tipos de ataques maliciosos.<\/span><\/p>\n<\/div><\/div><\/div><\/div><\/div><div class=\"et_pb_column_3 et_pb_column et_pb_column_1_2 et-last-child et_block_column et_pb_css_mix_blend_mode_passthrough\"><div class=\"et_pb_text_2 et_pb_text et_pb_bg_layout_light et_pb_module et_block_module et_pb_text_align_right preset--module--divi-text--e6504a1b-67eb-4b3d-b023-bcab277610b6\"><div class=\"et_pb_text_inner\"><h4>Skills<\/h4>\n<\/div><\/div><div class=\"et_pb_text_3 et_pb_text et_pb_bg_layout_light et_pb_module et_block_module et_pb_text_align_right preset--module--divi-text--b327cbe4-b1d5-4b66-ad37-40c8f2f061ba\"><div class=\"et_pb_text_inner\"><h2>La fuerza detr\u00e1s del sitio web<\/h2>\n<\/div><\/div><div class=\"et_pb_divider_1 et_pb_divider et_pb_space et_pb_divider_position_top et_pb_module\"><div class=\"et_pb_divider_internal\"><\/div><\/div><div class=\"et_pb_text_4 et_pb_text et_pb_bg_layout_light et_pb_module et_block_module et_pb_text_align_right preset--module--divi-text--1f09816e-184e-4ce5-a4cf-b39c52c423ca\"><div class=\"et_pb_text_inner\"><p><span>Con una amplia experiencia en el desarrollo y mantenimiento del Back-End de un sitio web, que incluye la gesti\u00f3n de bases de datos, la integraci\u00f3n de servicios y la codificaci\u00f3n en lenguajes como Python, Java, Ruby o PHP.<\/span><\/p>\n<\/div><\/div><div class=\"et_pb_module et_pb_button_module_wrapper et_pb_button_0_wrapper preset--module--divi-button--3117bc07-6a8a-4679-b3bb-b6ed74b48a2f_wrapper\"><a class=\"et_pb_button_0 et_pb_button et_pb_bg_layout_light et_pb_module et_block_module preset--module--divi-button--3117bc07-6a8a-4679-b3bb-b6ed74b48a2f\" href=\"https:\/\/synergia.website\/?page_id=84\">Portfolio<\/a><\/div><\/div><\/div><\/div><div class=\"et_pb_section_2 et_pb_section et_section_regular et_block_section\"><div class=\"et_pb_row_2 et_pb_row et_pb_equal_columns et_pb_gutters1 et_block_row\"><div class=\"et_pb_column_4 et_pb_column et_pb_column_1_2 et_block_column et_pb_css_mix_blend_mode_passthrough et_pb_section_parallax\"><span class=\"et-pb-parallax-wrapper\"><span class=\"et-pb-parallax-background et-pb-parallax-background-module--divi-column-4 lazyload\" style=\"background-image:inherit\" data-bg-image=\"url(https:\/\/synergia.website\/wp-content\/uploads\/2023\/04\/webdev-06.png)\"><\/span><\/span><div class=\"et_pb_divider_2 et_pb_divider_hidden et_pb_space et_pb_divider_position_top et_pb_module\"><div class=\"et_pb_divider_internal\"><\/div><\/div><\/div><div class=\"et_pb_column_5 et_pb_column et_pb_column_1_2 et-last-child et_block_column et_pb_css_mix_blend_mode_passthrough\"><div class=\"et_pb_text_5 et_pb_text et_pb_bg_layout_light et_pb_module et_block_module preset--module--divi-text--b327cbe4-b1d5-4b66-ad37-40c8f2f061ba\"><div class=\"et_pb_text_inner\"><h2>\u00a1Vamos a trabajar juntos!<\/h2>\n<\/div><\/div><div class=\"et_pb_text_6 et_pb_text et_pb_bg_layout_light et_pb_module et_block_module preset--module--divi-text--1f09816e-184e-4ce5-a4cf-b39c52c423ca\"><div class=\"et_pb_text_inner\"><p>Rellena el siguiente formulario y nos pondremos en contacto contigo en menos de 24H<\/p>\n<\/div><\/div><div class=\"et_pb_contact_form_0 et_pb_contact_form_container clearfix et_pb_module et_flex_module preset--module--divi-contact-form--5f451234-b662-41cf-8ad7-48c40d2afa7f\" data-form_unique_num=\"0\" data-form_unique_id=\"f390ddca-7789-4f1e-ba0d-d0db97edd0a3\" id=\"et_pb_contact_form_f390ddca-7789-4f1e-ba0d-d0db97edd0a3\"><div class=\"et-pb-contact-message\"><\/div><div class=\"et_pb_contact\"><form class=\"et_pb_contact_form et_flex_module\" method=\"post\" action=\"https:\/\/synergia.website\/es_es\/wp-json\/wp\/v2\/pages\/68\"><div class=\"et_pb_contact_field_0 et_pb_contact_field et_pb_module et_flex_module et_flex_column_24_24 et_flex_column_24_24_tablet et_flex_column_24_24_phone\" data-id=\"nombre\" data-type=\"input\"><label class=\"et_pb_contact_form_label\" for=\"et_pb_contact_0_nombre_0\">Nombre<\/label><input type=\"text\" name=\"et_pb_contact_0_nombre_0\" id=\"et_pb_contact_0_nombre_0\" class=\"input\" data-required_mark=\"required\" data-field_type=\"input\" data-original_id=\"nombre\" placeholder=\"Nombre\" title=\"\" value=\"\" \/><\/div><div class=\"et_pb_contact_field_1 et_pb_contact_field et_pb_module et_flex_module et_flex_column_24_24 et_flex_column_24_24_tablet et_flex_column_24_24_phone\" data-id=\"email\" data-type=\"email\"><label class=\"et_pb_contact_form_label\" for=\"et_pb_contact_0_email_1\">Email <\/label><input type=\"text\" name=\"et_pb_contact_0_email_1\" id=\"et_pb_contact_0_email_1\" class=\"input\" data-required_mark=\"required\" data-field_type=\"email\" data-original_id=\"email\" placeholder=\"Email \" title=\"\" value=\"\" \/><\/div><div class=\"et_pb_contact_field_2 et_pb_contact_field et_pb_module et_flex_module et_flex_column_24_24 et_flex_column_24_24_tablet et_flex_column_24_24_phone\" data-id=\"mensaje\" data-type=\"text\"><label class=\"et_pb_contact_form_label\" for=\"et_pb_contact_0_mensaje_2\">Mensaje<\/label><textarea name=\"et_pb_contact_0_mensaje_2\" id=\"et_pb_contact_0_mensaje_2\" class=\"et_pb_contact_message input\" data-required_mark=\"not_required\" data-field_type=\"text\" data-original_id=\"mensaje\" placeholder=\"Mensaje\"><\/textarea><\/div><input type=\"hidden\" name=\"et_pb_contactform_submit_f390ddca-7789-4f1e-ba0d-d0db97edd0a3\" value=\"et_contact_proccess\" \/><div class=\"et_contact_bottom_container\"><div class=\"et_pb_button_wrapper\"><button type=\"submit\" name=\"et_builder_submit_button\" class=\"et_pb_button et_pb_contact_submit\">Submit<\/button><\/div><\/div><input type=\"hidden\" id=\"_wpnonce-et-pb-contact-form-submitted-f390ddca-7789-4f1e-ba0d-d0db97edd0a3\" name=\"_wpnonce-et-pb-contact-form-submitted-f390ddca-7789-4f1e-ba0d-d0db97edd0a3\" value=\"b2a6418f79\" \/><input type=\"hidden\" name=\"_wp_http_referer\" value=\"\/es_es\/wp-json\/wp\/v2\/pages\/68\" \/><\/form><\/div><\/div><\/div><\/div><div class=\"et_pb_row_3 et_pb_row et_block_row\"><div class=\"et_pb_column_6 et_pb_column et_pb_column_1_2 et_block_column et_pb_css_mix_blend_mode_passthrough\"><div class=\"et_pb_text_7 et_pb_text et_pb_bg_layout_light et_pb_module et_block_module preset--module--divi-text--1f09816e-184e-4ce5-a4cf-b39c52c423ca\"><div class=\"et_pb_text_inner\"><p>Copyright &copy; 2026 Divi<\/p>\n<\/div><\/div><\/div><div class=\"et_pb_column_7 et_pb_column et_pb_column_1_2 et-last-child et_block_column et_pb_css_mix_blend_mode_passthrough\"><div class=\"et_pb_text_8 et_pb_text et_pb_bg_layout_light et_pb_module et_block_module et_pb_text_align_right et_pb_text_align_left-tablet preset--module--divi-text--1f09816e-184e-4ce5-a4cf-b39c52c423ca\"><div class=\"et_pb_text_inner\"><p><a href=\"#\">Privacy Policy<\/a> | <a href=\"#\">Terms &amp; Conditions<\/a><\/p>\n<\/div><\/div><\/div><\/div><\/div>\n","protected":false},"excerpt":{"rendered":"","protected":false},"author":1,"featured_media":0,"parent":0,"menu_order":0,"comment_status":"closed","ping_status":"closed","template":"","meta":{"footnotes":""},"class_list":["post-68","page","type-page","status-publish","hentry"],"yoast_head":"<!-- This site is optimized with the Yoast SEO Premium plugin v24.2 (Yoast SEO v24.2) - https:\/\/yoast.com\/wordpress\/plugins\/seo\/ -->\n<title>Quienes Somos - Synergia<\/title>\n<meta name=\"robots\" content=\"noindex, nofollow\" \/>\n<meta property=\"og:locale\" content=\"es_ES\" \/>\n<meta property=\"og:type\" content=\"article\" \/>\n<meta property=\"og:title\" content=\"Quienes Somos\" \/>\n<meta property=\"og:url\" content=\"https:\/\/synergia.website\/es_es\/quienes-somos\/\" \/>\n<meta property=\"og:site_name\" content=\"Synergia\" \/>\n<meta property=\"article:modified_time\" content=\"2026-03-09T15:25:35+00:00\" \/>\n<meta name=\"twitter:card\" content=\"summary_large_image\" \/>\n<meta name=\"twitter:label1\" content=\"Tiempo de lectura\" \/>\n\t<meta name=\"twitter:data1\" content=\"2 minutos\" \/>\n<script type=\"application\/ld+json\" class=\"yoast-schema-graph\">{\"@context\":\"https:\/\/schema.org\",\"@graph\":[{\"@type\":\"WebPage\",\"@id\":\"https:\/\/synergia.website\/quienes-somos\/\",\"url\":\"https:\/\/synergia.website\/quienes-somos\/\",\"name\":\"Quienes Somos - Synergia\",\"isPartOf\":{\"@id\":\"https:\/\/synergia.website\/#website\"},\"datePublished\":\"2023-04-22T07:37:52+00:00\",\"dateModified\":\"2026-03-09T15:25:35+00:00\",\"breadcrumb\":{\"@id\":\"https:\/\/synergia.website\/quienes-somos\/#breadcrumb\"},\"inLanguage\":\"es\",\"potentialAction\":[{\"@type\":\"ReadAction\",\"target\":[\"https:\/\/synergia.website\/quienes-somos\/\"]}]},{\"@type\":\"BreadcrumbList\",\"@id\":\"https:\/\/synergia.website\/quienes-somos\/#breadcrumb\",\"itemListElement\":[{\"@type\":\"ListItem\",\"position\":1,\"name\":\"Portada\",\"item\":\"https:\/\/synergia.website\/es_es\/\"},{\"@type\":\"ListItem\",\"position\":2,\"name\":\"Quienes Somos\"}]},{\"@type\":\"WebSite\",\"@id\":\"https:\/\/synergia.website\/#website\",\"url\":\"https:\/\/synergia.website\/\",\"name\":\"Synergia\",\"description\":\"Tu agente reparador de Servidores y Desktop\",\"potentialAction\":[{\"@type\":\"SearchAction\",\"target\":{\"@type\":\"EntryPoint\",\"urlTemplate\":\"https:\/\/synergia.website\/?s={search_term_string}\"},\"query-input\":{\"@type\":\"PropertyValueSpecification\",\"valueRequired\":true,\"valueName\":\"search_term_string\"}}],\"inLanguage\":\"es\"}]}<\/script>\n<!-- \/ Yoast SEO Premium plugin. -->","yoast_head_json":{"title":"Quienes Somos - Synergia","robots":{"index":"noindex","follow":"nofollow"},"og_locale":"es_ES","og_type":"article","og_title":"Quienes Somos","og_url":"https:\/\/synergia.website\/es_es\/quienes-somos\/","og_site_name":"Synergia","article_modified_time":"2026-03-09T15:25:35+00:00","twitter_card":"summary_large_image","twitter_misc":{"Tiempo de lectura":"2 minutos"},"schema":{"@context":"https:\/\/schema.org","@graph":[{"@type":"WebPage","@id":"https:\/\/synergia.website\/quienes-somos\/","url":"https:\/\/synergia.website\/quienes-somos\/","name":"Quienes Somos - Synergia","isPartOf":{"@id":"https:\/\/synergia.website\/#website"},"datePublished":"2023-04-22T07:37:52+00:00","dateModified":"2026-03-09T15:25:35+00:00","breadcrumb":{"@id":"https:\/\/synergia.website\/quienes-somos\/#breadcrumb"},"inLanguage":"es","potentialAction":[{"@type":"ReadAction","target":["https:\/\/synergia.website\/quienes-somos\/"]}]},{"@type":"BreadcrumbList","@id":"https:\/\/synergia.website\/quienes-somos\/#breadcrumb","itemListElement":[{"@type":"ListItem","position":1,"name":"Portada","item":"https:\/\/synergia.website\/es_es\/"},{"@type":"ListItem","position":2,"name":"Quienes Somos"}]},{"@type":"WebSite","@id":"https:\/\/synergia.website\/#website","url":"https:\/\/synergia.website\/","name":"Synergia","description":"Tu agente reparador de Servidores y Desktop","potentialAction":[{"@type":"SearchAction","target":{"@type":"EntryPoint","urlTemplate":"https:\/\/synergia.website\/?s={search_term_string}"},"query-input":{"@type":"PropertyValueSpecification","valueRequired":true,"valueName":"search_term_string"}}],"inLanguage":"es"}]}},"jetpack_sharing_enabled":true,"_links":{"self":[{"href":"https:\/\/synergia.website\/es_es\/wp-json\/wp\/v2\/pages\/68","targetHints":{"allow":["GET"]}}],"collection":[{"href":"https:\/\/synergia.website\/es_es\/wp-json\/wp\/v2\/pages"}],"about":[{"href":"https:\/\/synergia.website\/es_es\/wp-json\/wp\/v2\/types\/page"}],"author":[{"embeddable":true,"href":"https:\/\/synergia.website\/es_es\/wp-json\/wp\/v2\/users\/1"}],"replies":[{"embeddable":true,"href":"https:\/\/synergia.website\/es_es\/wp-json\/wp\/v2\/comments?post=68"}],"version-history":[{"count":0,"href":"https:\/\/synergia.website\/es_es\/wp-json\/wp\/v2\/pages\/68\/revisions"}],"wp:attachment":[{"href":"https:\/\/synergia.website\/es_es\/wp-json\/wp\/v2\/media?parent=68"}],"curies":[{"name":"wp","href":"https:\/\/api.w.org\/{rel}","templated":true}]}}