{"id":16,"date":"2023-04-20T12:34:38","date_gmt":"2023-04-20T10:34:38","guid":{"rendered":"https:\/\/synergia.website\/?page_id=16"},"modified":"2026-03-29T14:52:16","modified_gmt":"2026-03-29T12:52:16","slug":"inicio","status":"publish","type":"page","link":"https:\/\/synergia.website\/es_es\/","title":{"rendered":"Inicio"},"content":{"rendered":"<div class=\"et_pb_section_0 et_pb_section et_section_regular et_block_section\">\n<div class=\"et_pb_row_0 et_pb_row et_block_row\">\n<div class=\"et_pb_column_0 et_pb_column et_pb_column_1_2 et_block_column et_pb_css_mix_blend_mode_passthrough\">\n<div class=\"et_pb_image_0 et_pb_image et_pb_module et_block_module\"><span class=\"et_pb_image_wrap\"><img decoding=\"async\" data-src=\"https:\/\/synergia.website\/wp-content\/uploads\/2023\/04\/web-developer-30.jpg\" width=\"795\" height=\"1200\" data-srcset=\"https:\/\/synergia.website\/wp-content\/uploads\/2023\/04\/web-developer-30.jpg 795w, https:\/\/synergia.website\/wp-content\/uploads\/2023\/04\/web-developer-30-199x300.jpg 199w, https:\/\/synergia.website\/wp-content\/uploads\/2023\/04\/web-developer-30-678x1024.jpg 678w, https:\/\/synergia.website\/wp-content\/smush-webp\/2023\/04\/web-developer-30-768x1159.jpg.webp 768w\" data-sizes=\"(max-width: 795px) 100vw, 795px\" class=\"wp-image-23 lazyload\" title=\"web-developer-30\" src=\"data:image\/gif;base64,R0lGODlhAQABAAAAACH5BAEKAAEALAAAAAABAAEAAAICTAEAOw==\" style=\"--smush-placeholder-width: 795px; --smush-placeholder-aspect-ratio: 795\/1200;\" data-smush-webp-fallback=\"{&quot;data-srcset&quot;:&quot;https:\\\/\\\/synergia.website\\\/wp-content\\\/uploads\\\/2023\\\/04\\\/web-developer-30.jpg 795w, https:\\\/\\\/synergia.website\\\/wp-content\\\/uploads\\\/2023\\\/04\\\/web-developer-30-199x300.jpg 199w, https:\\\/\\\/synergia.website\\\/wp-content\\\/uploads\\\/2023\\\/04\\\/web-developer-30-678x1024.jpg 678w, https:\\\/\\\/synergia.website\\\/wp-content\\\/uploads\\\/2023\\\/04\\\/web-developer-30-768x1159.jpg 768w&quot;}\" \/><\/span><\/div>\n<\/div>\n\n<div class=\"et_pb_column_1 et_pb_column et_pb_column_1_2 et-last-child et_block_column et_pb_css_mix_blend_mode_passthrough\">\n<div class=\"et_pb_text_0 et_pb_text et_pb_bg_layout_light et_pb_module et_block_module preset--module--divi-text--c16985e1-e0d6-4022-964d-e2bfc04fa633\"><div class=\"et_pb_text_inner\"><h1>\u00a1Bienvenido a Synergia!\u00a0<\/h1>\n<p>&nbsp;<\/p>\n<h2 style=\"text-align: left;\"><span style=\"font-size: xx-large;\"><span style=\"color: #e09900;\"><strong>\u00bfEst\u00e1s buscando soluciones integrales para tu sistemas inform\u00e1ticos?\u00a0 \u00a0 <\/strong><\/span>\u00a0<\/span><\/h2>\n<h1><\/h1>\n<\/div><\/div>\n\n<div class=\"et_pb_text_1 et_pb_text et_pb_bg_layout_light et_clickable et_pb_module et_block_module preset--module--divi-text--c16985e1-e0d6-4022-964d-e2bfc04fa633\"><div class=\"et_pb_text_inner\"><h2 style=\"text-align: center;\"><span style=\"font-size: xx-large;\"><span style=\"color: #e09900;\"><strong> <\/strong><\/span>\u00a0<span style=\"color: #ffffff;\">VER PRECIOS!<\/span><\/span><\/h2>\n<h1><\/h1>\n<\/div><\/div>\n\n<div class=\"et_pb_module et_pb_button_module_wrapper et_pb_button_0_wrapper preset--module--divi-button--31b4f027-aaa0-4f2f-ae02-959764e19e4f_wrapper\"><a class=\"et_pb_button_0 et_pb_button et_pb_bg_layout_light et_pb_module et_block_module preset--module--divi-button--31b4f027-aaa0-4f2f-ae02-959764e19e4f\" href=\"https:\/\/odoo.synergia.website\/contactus\">\u00a1Cont\u00e1ctanos!<\/a><\/div>\n<\/div>\n<\/div>\n\n<div class=\"et_pb_row_1 et_pb_row et_block_row\">\n<div class=\"et_pb_column_2 et_pb_column et_pb_column_1_2 et_block_column et_pb_css_mix_blend_mode_passthrough\">\n<div class=\"et_pb_text_2 et_pb_text et_pb_bg_layout_light et_pb_module et_block_module preset--module--divi-text--518880c8-46c7-4ffa-b5a6-93ffa99dcc17\"><div class=\"et_pb_text_inner\"><p>&nbsp;<\/p>\n<p>Con nuestra experiencia en<strong> Docker<\/strong>, podemos ayudarte a aprovechar al m\u00e1ximo esta poderosa tecnolog\u00eda de contenedores, permiti\u00e9ndote desarrollar, implementar y ejecutar aplicaciones de manera m\u00e1s r\u00e1pida y eficiente que nunca.<\/p>\n<p>&nbsp;<\/p>\n<p><span><\/span><\/p>\n<\/div><\/div>\n\n<div class=\"et_pb_module et_pb_button_module_wrapper et_pb_button_1_wrapper preset--module--divi-button--31b4f027-aaa0-4f2f-ae02-959764e19e4f_wrapper\"><a class=\"et_pb_button_1 et_pb_button et_pb_bg_layout_light et_pb_module et_block_module preset--module--divi-button--31b4f027-aaa0-4f2f-ae02-959764e19e4f\" href=\"https:\/\/synergia.website\/formulario-de-contacto\/\">Quiero Trabajar con vosotros<\/a><\/div>\n<\/div>\n\n<div class=\"et_pb_column_3 et_pb_column et_pb_column_1_2 et-last-child et_block_column et_pb_css_mix_blend_mode_passthrough\">\n<div class=\"et_pb_image_1 et_pb_image et_pb_module et_block_module\"><span class=\"et_pb_image_wrap\"><img decoding=\"async\" data-src=\"https:\/\/synergia.website\/wp-content\/uploads\/2023\/04\/web-developer-28-1024x614-1.jpg\" width=\"2000\" height=\"1200\" data-srcset=\"https:\/\/synergia.website\/wp-content\/uploads\/2023\/04\/web-developer-28-1024x614-1.jpg 2000w, https:\/\/synergia.website\/wp-content\/uploads\/2023\/04\/web-developer-28-1024x614-1-300x180.jpg 300w, https:\/\/synergia.website\/wp-content\/uploads\/2023\/04\/web-developer-28-1024x614-1-1024x614.jpg 1024w, https:\/\/synergia.website\/wp-content\/uploads\/2023\/04\/web-developer-28-1024x614-1-768x461.jpg 768w, https:\/\/synergia.website\/wp-content\/uploads\/2023\/04\/web-developer-28-1024x614-1-1536x922.jpg 1536w, https:\/\/synergia.website\/wp-content\/uploads\/2023\/04\/web-developer-28-1024x614-1-1080x648.jpg 1080w\" data-sizes=\"(max-width: 2000px) 100vw, 2000px\" class=\"wp-image-24 lazyload\" title=\"web-developer-28\" src=\"data:image\/gif;base64,R0lGODlhAQABAAAAACH5BAEKAAEALAAAAAABAAEAAAICTAEAOw==\" style=\"--smush-placeholder-width: 2000px; --smush-placeholder-aspect-ratio: 2000\/1200;\" \/><\/span><\/div>\n<\/div>\n<\/div>\n<\/div>\n\n<div class=\"et_pb_section_1 et_pb_section et_section_regular et_block_section\"><\/div>\n\n<div class=\"et_pb_section_2 et_pb_section et_section_regular et_block_section\">\n<div class=\"et_pb_row_2 et_pb_row et_block_row\">\n<div class=\"et_pb_column_4 et_pb_column et_pb_column_4_4 et-last-child et_block_column et_pb_css_mix_blend_mode_passthrough\">\n<div class=\"et_pb_image_2 et_pb_image et_pb_module et_block_module\"><span class=\"et_pb_image_wrap\"><img decoding=\"async\" data-src=\"https:\/\/synergia.website\/wp-content\/uploads\/2023\/04\/webdev-05-2.jpg\" width=\"1934\" height=\"1860\" data-srcset=\"https:\/\/synergia.website\/wp-content\/uploads\/2023\/04\/webdev-05-2.jpg 1934w, https:\/\/synergia.website\/wp-content\/uploads\/2023\/04\/webdev-05-2-300x289.jpg 300w, https:\/\/synergia.website\/wp-content\/uploads\/2023\/04\/webdev-05-2-1024x985.jpg 1024w, https:\/\/synergia.website\/wp-content\/uploads\/2023\/04\/webdev-05-2-768x739.jpg 768w, https:\/\/synergia.website\/wp-content\/uploads\/2023\/04\/webdev-05-2-1536x1477.jpg 1536w, https:\/\/synergia.website\/wp-content\/uploads\/2023\/04\/webdev-05-2-1080x1039.jpg 1080w\" data-sizes=\"(max-width: 1934px) 100vw, 1934px\" class=\"wp-image-26 lazyload\" title=\"webdev-05\" src=\"data:image\/gif;base64,R0lGODlhAQABAAAAACH5BAEKAAEALAAAAAABAAEAAAICTAEAOw==\" style=\"--smush-placeholder-width: 1934px; --smush-placeholder-aspect-ratio: 1934\/1860;\" \/><\/span><\/div>\n<\/div>\n<\/div>\n<\/div>\n\n<div class=\"et_pb_section_3 et_pb_section et_section_regular et_block_section\">\n<div class=\"et_pb_row_3 et_pb_row et_pb_equal_columns et_pb_gutters1 et_block_row\">\n<div class=\"et_pb_column_5 et_pb_column et_pb_column_1_2 et_block_column et_pb_css_mix_blend_mode_passthrough et_pb_section_parallax\"><span class=\"et-pb-parallax-wrapper\"><span class=\"et-pb-parallax-background et-pb-parallax-background-module--divi-column-5 lazyload\" style=\"background-image:inherit\" data-bg-image=\"url(https:\/\/synergia.website\/wp-content\/uploads\/2023\/04\/webdev-06.png)\"><\/span><\/span>\n<div class=\"et_pb_divider_0 et_pb_divider_hidden et_pb_space et_pb_divider_position_top et_pb_module\"><div class=\"et_pb_divider_internal\"><\/div><\/div>\n<\/div>\n\n<div class=\"et_pb_column_6 et_pb_column et_pb_column_1_2 et-last-child et_block_column et_pb_css_mix_blend_mode_passthrough\">\n<div class=\"et_pb_text_3 et_pb_text et_pb_bg_layout_light et_clickable et_pb_module et_block_module preset--module--divi-text--b327cbe4-b1d5-4b66-ad37-40c8f2f061ba\"><div class=\"et_pb_text_inner\"><h2>\u00a1Vamos a Trabajar Juntos!<\/h2>\n<\/div><\/div>\n\n<div class=\"et_pb_text_4 et_pb_text et_pb_bg_layout_light et_clickable et_pb_module et_block_module preset--module--divi-text--1f09816e-184e-4ce5-a4cf-b39c52c423ca\"><div class=\"et_pb_text_inner\"><p>Rellena el formulario para ponerte en contacto con nosotros y llevar tu sitio web al siguiente nivel.<\/p>\n<\/div><\/div>\n<\/div>\n<\/div>\n\n<div class=\"et_pb_row_4 et_pb_row et_pb_row_4col et_block_row et_block_row_4col\">\n<div class=\"et_pb_column_7 et_pb_column et_pb_column_1_4 et_block_column et_pb_css_mix_blend_mode_passthrough\">\n<div class=\"et_pb_text_5 et_pb_text et_pb_bg_layout_light et_pb_module et_block_module preset--module--divi-text--aaa7c440-590a-4078-ae0c-0f3c699ac51c\"><div class=\"et_pb_text_inner\"><h3>Synergia<\/h3>\n<\/div><\/div>\n\n<div class=\"et_pb_text_6 et_pb_text et_pb_bg_layout_light et_pb_module et_block_module preset--module--divi-text--4c43b4b6-66bf-432d-959a-705bda24a650\"><div class=\"et_pb_text_inner\"><div class=\"w-full text-token-text-primary\" dir=\"auto\" data-testid=\"conversation-turn-5\" data-scroll-anchor=\"true\">\n<div class=\"px-4 py-2 justify-center text-base md:gap-6 m-auto\">\n<div class=\"flex flex-1 text-base mx-auto gap-3 juice:gap-4 juice:md:gap-6 md:px-5 lg:px-1 xl:px-5 md:max-w-3xl lg:max-w-[40rem] xl:max-w-[48rem]\">\n<div class=\"relative flex w-full min-w-0 flex-col agent-turn\">\n<div class=\"flex-col gap-1 md:gap-3\">\n<div class=\"flex flex-grow flex-col max-w-full\">\n<div data-message-author-role=\"assistant\" data-message-id=\"7b80e02e-8ebe-4dd1-972c-5ac17beab85c\" dir=\"auto\" class=\"min-h-[20px] text-message flex flex-col items-start gap-3 whitespace-pre-wrap break-words [.text-message+&amp;]:mt-5 overflow-x-auto\">\n<div class=\"markdown prose w-full break-words dark:prose-invert light\">\n<p>Nos comprometemos a brindarte soluciones de alta calidad que se adapten a tus necesidades espec\u00edficas y te ayuden a alcanzar tus objetivos comerciales.<\/p>\n<p>\u00a1\u00danete a la comunidad y lleva tus sistemas inform\u00e1ticos al siguiente nivel!<\/p>\n<\/div>\n<\/div>\n<\/div>\n<div class=\"mt-1 flex gap-3 empty:hidden\">\n<div class=\"text-gray-400 flex self-end lg:self-center items-center justify-center lg:justify-start mt-0 -ml-1 h-7 gap-[2px] visible vc-button-group vc-button-group-0\">\n<p><span class=\"\" data-state=\"closed\"><\/span><\/p>\n<div class=\"flex items-center gap-1.5 text-xs\"><svg width=\"24\" height=\"24\" viewbox=\"0 0 24 24\" fill=\"none\" xmlns=\"http:\/\/www.w3.org\/2000\/svg\" class=\"icon-md\"><path fill-rule=\"evenodd\" clip-rule=\"evenodd\" d=\"M4.5 2.5C5.05228 2.5 5.5 2.94772 5.5 3.5V5.07196C7.19872 3.47759 9.48483 2.5 12 2.5C17.2467 2.5 21.5 6.75329 21.5 12C21.5 17.2467 17.2467 21.5 12 21.5C7.1307 21.5 3.11828 17.8375 2.565 13.1164C2.50071 12.5679 2.89327 12.0711 3.4418 12.0068C3.99033 11.9425 4.48712 12.3351 4.5514 12.8836C4.98798 16.6089 8.15708 19.5 12 19.5C16.1421 19.5 19.5 16.1421 19.5 12C19.5 7.85786 16.1421 4.5 12 4.5C9.7796 4.5 7.7836 5.46469 6.40954 7H9C9.55228 7 10 7.44772 10 8C10 8.55228 9.55228 9 9 9H4.5C3.96064 9 3.52101 8.57299 3.50073 8.03859C3.49983 8.01771 3.49958 7.99677 3.5 7.9758V3.5C3.5 2.94772 3.94771 2.5 4.5 2.5Z\" fill=\"currentColor\"><\/path><\/svg><\/div>\n<div class=\"flex\"><span class=\"\" data-state=\"closed\"><button class=\"p-1 rounded-md text-token-text-tertiary hover:text-token-text-primary\"><svg width=\"24\" height=\"24\" viewbox=\"0 0 24 24\" fill=\"none\" xmlns=\"http:\/\/www.w3.org\/2000\/svg\" class=\"icon-md\"><path fill-rule=\"evenodd\" clip-rule=\"evenodd\" d=\"M11.8727 21.4961C11.6725 21.8466 11.2811 22.0423 10.8805 21.9922L10.4267 21.9355C7.95958 21.6271 6.36855 19.1665 7.09975 16.7901L7.65054 15H6.93226C4.29476 15 2.37923 12.4921 3.0732 9.94753L4.43684 4.94753C4.91145 3.20728 6.49209 2 8.29589 2H18.0045C19.6614 2 21.0045 3.34315 21.0045 5V12C21.0045 13.6569 19.6614 15 18.0045 15H16.0045C15.745 15 15.5054 15.1391 15.3766 15.3644L11.8727 21.4961ZM14.0045 4H8.29589C7.39399 4 6.60367 4.60364 6.36637 5.47376L5.00273 10.4738C4.65574 11.746 5.61351 13 6.93226 13H9.00451C9.32185 13 9.62036 13.1506 9.8089 13.4059C9.99743 13.6612 10.0536 13.9908 9.96028 14.2941L9.01131 17.3782C8.6661 18.5002 9.35608 19.6596 10.4726 19.9153L13.6401 14.3721C13.9523 13.8258 14.4376 13.4141 15.0045 13.1902V5C15.0045 4.44772 14.5568 4 14.0045 4ZM17.0045 13V5C17.0045 4.64937 16.9444 4.31278 16.8338 4H18.0045C18.5568 4 19.0045 4.44772 19.0045 5V12C19.0045 12.5523 18.5568 13 18.0045 13H17.0045Z\" fill=\"currentColor\"><\/path><\/svg><\/button><\/span><\/div>\n<p><span class=\"vc-repeat-icon\" data-vc-uuid=\"c1bdbcb0-d689-48bd-b24b-da959ab997e7\" data-index=\"0\"><\/span><\/p>\n<\/div>\n<\/div>\n<div class=\"pr-2 lg:pr-0\"><\/div>\n<\/div>\n<div class=\"absolute\">\n<div class=\"flex w-full gap-2 items-center justify-center\"><\/div>\n<\/div>\n<\/div>\n<\/div>\n<\/div>\n<\/div>\n<div class=\"mx-auto\">\n<div>\n<div class=\"mx-auto mt-2 inline-flex rounded-xl border border-gray-100 dark:border-gray-700\"><\/div>\n<\/div>\n<\/div>\n<\/div><\/div>\n<\/div>\n\n<div class=\"et_pb_column_8 et_pb_column et_pb_column_1_4 et_block_column et_pb_css_mix_blend_mode_passthrough\">\n<div class=\"et_pb_text_7 et_pb_text et_pb_bg_layout_light et_pb_module et_block_module preset--module--divi-text--4c43b4b6-66bf-432d-959a-705bda24a650\"><div class=\"et_pb_text_inner\"><p>Docker con Proxy<\/p>\n<\/div><\/div>\n<\/div>\n\n<div class=\"et_pb_column_9 et_pb_column et_pb_column_1_4 et_block_column et_pb_css_mix_blend_mode_passthrough\">\n<div class=\"et_pb_blurb_0 et_pb_blurb et_pb_bg_layout_light et_pb_blurb_position_left et_pb_module et_block_module preset--module--divi-blurb--341773a8-7d77-4626-b15c-f95399f25521\"><div class=\"et_pb_blurb_content\"><div class=\"et_pb_main_blurb_image\"><span class=\"et_pb_image_wrap\"><span class=\"et-pb-icon\">\uf0e0<\/span><\/span><\/div><div class=\"et_pb_blurb_container\"><h4 class=\"et_pb_module_header\">Email<\/h4><div class=\"et_pb_blurb_description\"><p><a href=\"mailto:#\">info@synergia.website<\/a><\/p>\n<\/div><\/div><\/div><\/div>\n\n<ul class=\"et_pb_social_media_follow_0 et_pb_social_media_follow clearfix et_pb_bg_layout_light et_pb_module et_block_module\">\n<li class=\"et_pb_social_media_follow_network_0 et_pb_social_media_follow_network et_pb_social_icon et_pb_social_network_link et-social-facebook et_pb_module et_flex_module\"><a href=\"#\" class=\"icon\" target=\"_self\" title=\"Seguir en Facebook\" rel=\"noopener\"><span class=\"et_pb_social_media_follow_network_name\">Seguir<\/span><\/a><\/li>\n\n<li class=\"et_pb_social_media_follow_network_1 et_pb_social_media_follow_network et_pb_social_icon et_pb_social_network_link et-social-twitter et_pb_module et_flex_module\"><a href=\"#\" class=\"icon\" target=\"_self\" title=\"Seguir en Twitter\" rel=\"noopener\"><span class=\"et_pb_social_media_follow_network_name\">Seguir<\/span><\/a><\/li>\n\n<li class=\"et_pb_social_media_follow_network_2 et_pb_social_media_follow_network et_pb_social_icon et_pb_social_network_link et-social-instagram et_pb_module et_flex_module\"><a href=\"#\" class=\"icon\" target=\"_self\" title=\"Seguir en Instagram\" rel=\"noopener\"><span class=\"et_pb_social_media_follow_network_name\">Seguir<\/span><\/a><\/li>\n<\/ul>\n<\/div>\n\n<div class=\"et_pb_column_10 et_pb_column et_pb_column_1_4 et-last-child et_block_column et_pb_column_empty et_pb_css_mix_blend_mode_passthrough\"><\/div>\n<\/div>\n\n<div class=\"et_pb_row_5 et_pb_row et_block_row\">\n<div class=\"et_pb_column_11 et_pb_column et_pb_column_1_3 et_block_column et_pb_css_mix_blend_mode_passthrough\">\n<div class=\"et_pb_text_8 et_pb_text et_pb_bg_layout_light et_pb_module et_block_module\"><div class=\"et_pb_text_inner\"><h5><span style=\"color: #ffffff;\">Synergia<strong> \u00ae<\/strong><\/span><\/h5>\n<\/div><\/div>\n<\/div>\n\n<div class=\"et_pb_column_12 et_pb_column et_pb_column_1_3 et_block_column et_pb_css_mix_blend_mode_passthrough\">\n<div class=\"et_pb_text_9 et_pb_text et_pb_bg_layout_light et_pb_module et_block_module preset--module--divi-text--1f09816e-184e-4ce5-a4cf-b39c52c423ca\"><div class=\"et_pb_text_inner\"><p><a href=\"#\">Privacy Policy<\/a> | <a href=\"#\">Terms &amp; Conditions<\/a><\/p>\n<\/div><\/div>\n<\/div>\n\n<div class=\"et_pb_column_13 et_pb_column et_pb_column_1_3 et-last-child et_block_column et_pb_column_empty et_pb_css_mix_blend_mode_passthrough\"><\/div>\n<\/div>\n<\/div>","protected":false},"excerpt":{"rendered":"","protected":false},"author":1,"featured_media":0,"parent":0,"menu_order":0,"comment_status":"closed","ping_status":"closed","template":"","meta":{"footnotes":""},"class_list":["post-16","page","type-page","status-publish","hentry"],"yoast_head":"<!-- This site is optimized with the Yoast SEO Premium plugin v24.2 (Yoast SEO v24.2) - https:\/\/yoast.com\/wordpress\/plugins\/seo\/ -->\n<title>Inicio - Synergia<\/title>\n<meta name=\"robots\" content=\"index, follow, max-snippet:-1, max-image-preview:large, max-video-preview:-1\" \/>\n<link rel=\"canonical\" href=\"https:\/\/synergia.website\/es_es\/\" \/>\n<meta property=\"og:locale\" content=\"es_ES\" \/>\n<meta property=\"og:type\" content=\"article\" \/>\n<meta property=\"og:title\" content=\"Inicio\" \/>\n<meta property=\"og:url\" content=\"https:\/\/synergia.website\/es_es\/\" \/>\n<meta property=\"og:site_name\" content=\"Synergia\" \/>\n<meta property=\"article:modified_time\" content=\"2026-03-29T12:52:16+00:00\" \/>\n<meta name=\"twitter:card\" content=\"summary_large_image\" \/>\n<script type=\"application\/ld+json\" class=\"yoast-schema-graph\">{\"@context\":\"https:\/\/schema.org\",\"@graph\":[{\"@type\":\"WebPage\",\"@id\":\"https:\/\/synergia.website\/es_es\/\",\"url\":\"https:\/\/synergia.website\/es_es\/\",\"name\":\"Inicio - Synergia\",\"isPartOf\":{\"@id\":\"https:\/\/synergia.website\/#website\"},\"datePublished\":\"2023-04-20T10:34:38+00:00\",\"dateModified\":\"2026-03-29T12:52:16+00:00\",\"breadcrumb\":{\"@id\":\"https:\/\/synergia.website\/es_es\/#breadcrumb\"},\"inLanguage\":\"es\",\"potentialAction\":[{\"@type\":\"ReadAction\",\"target\":[\"https:\/\/synergia.website\/es_es\/\"]}]},{\"@type\":\"BreadcrumbList\",\"@id\":\"https:\/\/synergia.website\/es_es\/#breadcrumb\",\"itemListElement\":[{\"@type\":\"ListItem\",\"position\":1,\"name\":\"Portada\",\"item\":\"https:\/\/synergia.website\/es_es\/\"},{\"@type\":\"ListItem\",\"position\":2,\"name\":\"Inicio\"}]},{\"@type\":\"WebSite\",\"@id\":\"https:\/\/synergia.website\/#website\",\"url\":\"https:\/\/synergia.website\/\",\"name\":\"Synergia\",\"description\":\"Tu agente reparador de Servidores y Desktop\",\"potentialAction\":[{\"@type\":\"SearchAction\",\"target\":{\"@type\":\"EntryPoint\",\"urlTemplate\":\"https:\/\/synergia.website\/?s={search_term_string}\"},\"query-input\":{\"@type\":\"PropertyValueSpecification\",\"valueRequired\":true,\"valueName\":\"search_term_string\"}}],\"inLanguage\":\"es\"}]}<\/script>\n<!-- \/ Yoast SEO Premium plugin. -->","yoast_head_json":{"title":"Inicio - Synergia","robots":{"index":"index","follow":"follow","max-snippet":"max-snippet:-1","max-image-preview":"max-image-preview:large","max-video-preview":"max-video-preview:-1"},"canonical":"https:\/\/synergia.website\/es_es\/","og_locale":"es_ES","og_type":"article","og_title":"Inicio","og_url":"https:\/\/synergia.website\/es_es\/","og_site_name":"Synergia","article_modified_time":"2026-03-29T12:52:16+00:00","twitter_card":"summary_large_image","schema":{"@context":"https:\/\/schema.org","@graph":[{"@type":"WebPage","@id":"https:\/\/synergia.website\/es_es\/","url":"https:\/\/synergia.website\/es_es\/","name":"Inicio - Synergia","isPartOf":{"@id":"https:\/\/synergia.website\/#website"},"datePublished":"2023-04-20T10:34:38+00:00","dateModified":"2026-03-29T12:52:16+00:00","breadcrumb":{"@id":"https:\/\/synergia.website\/es_es\/#breadcrumb"},"inLanguage":"es","potentialAction":[{"@type":"ReadAction","target":["https:\/\/synergia.website\/es_es\/"]}]},{"@type":"BreadcrumbList","@id":"https:\/\/synergia.website\/es_es\/#breadcrumb","itemListElement":[{"@type":"ListItem","position":1,"name":"Portada","item":"https:\/\/synergia.website\/es_es\/"},{"@type":"ListItem","position":2,"name":"Inicio"}]},{"@type":"WebSite","@id":"https:\/\/synergia.website\/#website","url":"https:\/\/synergia.website\/","name":"Synergia","description":"Tu agente reparador de Servidores y Desktop","potentialAction":[{"@type":"SearchAction","target":{"@type":"EntryPoint","urlTemplate":"https:\/\/synergia.website\/?s={search_term_string}"},"query-input":{"@type":"PropertyValueSpecification","valueRequired":true,"valueName":"search_term_string"}}],"inLanguage":"es"}]}},"jetpack_sharing_enabled":true,"_links":{"self":[{"href":"https:\/\/synergia.website\/es_es\/wp-json\/wp\/v2\/pages\/16","targetHints":{"allow":["GET"]}}],"collection":[{"href":"https:\/\/synergia.website\/es_es\/wp-json\/wp\/v2\/pages"}],"about":[{"href":"https:\/\/synergia.website\/es_es\/wp-json\/wp\/v2\/types\/page"}],"author":[{"embeddable":true,"href":"https:\/\/synergia.website\/es_es\/wp-json\/wp\/v2\/users\/1"}],"replies":[{"embeddable":true,"href":"https:\/\/synergia.website\/es_es\/wp-json\/wp\/v2\/comments?post=16"}],"version-history":[{"count":12,"href":"https:\/\/synergia.website\/es_es\/wp-json\/wp\/v2\/pages\/16\/revisions"}],"predecessor-version":[{"id":358,"href":"https:\/\/synergia.website\/es_es\/wp-json\/wp\/v2\/pages\/16\/revisions\/358"}],"wp:attachment":[{"href":"https:\/\/synergia.website\/es_es\/wp-json\/wp\/v2\/media?parent=16"}],"curies":[{"name":"wp","href":"https:\/\/api.w.org\/{rel}","templated":true}]}}